{"id":11,"date":"2018-10-04T05:15:09","date_gmt":"2018-10-04T05:15:09","guid":{"rendered":"https:\/\/marcimdahl.de\/?page_id=11"},"modified":"2022-02-18T15:17:28","modified_gmt":"2022-02-18T14:17:28","slug":"portfolio","status":"publish","type":"page","link":"https:\/\/dsbuchhaltung.de\/?page_id=11","title":{"rendered":"Leistungen"},"content":{"rendered":"\t\t<div data-elementor-type=\"wp-post\" data-elementor-id=\"11\" class=\"elementor elementor-11\" data-elementor-settings=\"[]\">\n\t\t\t\t\t\t\t<div class=\"elementor-section-wrap\">\n\t\t\t\t\t\t\t<section class=\"elementor-section elementor-top-section elementor-element elementor-element-1c161743 elementor-section-boxed elementor-section-height-default elementor-section-height-default\" data-id=\"1c161743\" data-element_type=\"section\" data-settings=\"{&quot;background_background&quot;:&quot;classic&quot;}\">\n\t\t\t\t\t\t\t<div class=\"elementor-background-overlay\"><\/div>\n\t\t\t\t\t\t\t<div class=\"elementor-container elementor-column-gap-no\">\n\t\t\t\t\t<div class=\"elementor-column elementor-col-100 elementor-top-column elementor-element elementor-element-627d982b\" data-id=\"627d982b\" data-element_type=\"column\">\n\t\t\t<div class=\"elementor-widget-wrap elementor-element-populated\">\n\t\t\t\t\t\t\t\t<div class=\"elementor-element elementor-element-534d7299 elementor-widget elementor-widget-heading\" data-id=\"534d7299\" data-element_type=\"widget\" data-widget_type=\"heading.default\">\n\t\t\t\t<div class=\"elementor-widget-container\">\n\t\t\t<h6 class=\"elementor-heading-title elementor-size-default\">Das sind meine<\/h6>\t\t<\/div>\n\t\t\t\t<\/div>\n\t\t\t\t<div class=\"elementor-element elementor-element-3cdbf235 elementor-widget elementor-widget-heading\" data-id=\"3cdbf235\" data-element_type=\"widget\" data-widget_type=\"heading.default\">\n\t\t\t\t<div class=\"elementor-widget-container\">\n\t\t\t<h1 class=\"elementor-heading-title elementor-size-default\">Leistungen<\/h1>\t\t<\/div>\n\t\t\t\t<\/div>\n\t\t\t\t<div class=\"elementor-element elementor-element-2fa26385 elementor-widget elementor-widget-heading\" data-id=\"2fa26385\" data-element_type=\"widget\" data-widget_type=\"heading.default\">\n\t\t\t\t<div class=\"elementor-widget-container\">\n\t\t\t<h3 class=\"elementor-heading-title elementor-size-default\">f\u00fcr Sie:<\/h3>\t\t<\/div>\n\t\t\t\t<\/div>\n\t\t\t\t<div class=\"elementor-element elementor-element-2270ac7d elementor-widget-divider--view-line elementor-widget elementor-widget-divider\" data-id=\"2270ac7d\" data-element_type=\"widget\" data-widget_type=\"divider.default\">\n\t\t\t\t<div class=\"elementor-widget-container\">\n\t\t\t\t\t<div class=\"elementor-divider\">\n\t\t\t<span class=\"elementor-divider-separator\">\n\t\t\t\t\t\t<\/span>\n\t\t<\/div>\n\t\t\t\t<\/div>\n\t\t\t\t<\/div>\n\t\t\t\t\t<\/div>\n\t\t<\/div>\n\t\t\t\t\t\t\t<\/div>\n\t\t<\/section>\n\t\t\t\t<section class=\"elementor-section elementor-top-section elementor-element elementor-element-40e6a98a elementor-section-boxed elementor-section-height-default elementor-section-height-default\" data-id=\"40e6a98a\" data-element_type=\"section\">\n\t\t\t\t\t\t<div class=\"elementor-container elementor-column-gap-no\">\n\t\t\t\t\t<div class=\"elementor-column elementor-col-100 elementor-top-column elementor-element elementor-element-4fa42a\" data-id=\"4fa42a\" data-element_type=\"column\">\n\t\t\t<div class=\"elementor-widget-wrap elementor-element-populated\">\n\t\t\t\t\t\t\t\t<div class=\"elementor-element elementor-element-468d7dbc elementor-widget elementor-widget-heading\" data-id=\"468d7dbc\" data-element_type=\"widget\" data-widget_type=\"heading.default\">\n\t\t\t\t<div class=\"elementor-widget-container\">\n\t\t\t<span class=\"elementor-heading-title elementor-size-default\">Leistungen<\/span>\t\t<\/div>\n\t\t\t\t<\/div>\n\t\t\t\t<section class=\"elementor-section elementor-inner-section elementor-element elementor-element-f65f67c elementor-section-boxed elementor-section-height-default elementor-section-height-default\" data-id=\"f65f67c\" data-element_type=\"section\">\n\t\t\t\t\t\t<div class=\"elementor-container elementor-column-gap-default\">\n\t\t\t\t\t<div class=\"elementor-column elementor-col-66 elementor-inner-column elementor-element elementor-element-456ef36\" data-id=\"456ef36\" data-element_type=\"column\">\n\t\t\t<div class=\"elementor-widget-wrap elementor-element-populated\">\n\t\t\t\t\t\t\t\t<div class=\"elementor-element elementor-element-5af3acfa elementor-widget elementor-widget-heading\" data-id=\"5af3acfa\" data-element_type=\"widget\" data-widget_type=\"heading.default\">\n\t\t\t\t<div class=\"elementor-widget-container\">\n\t\t\t<h2 class=\"elementor-heading-title elementor-size-default\">Finanzbuchhaltung*<\/h2>\t\t<\/div>\n\t\t\t\t<\/div>\n\t\t\t\t<div class=\"elementor-element elementor-element-77cb0252 elementor-widget elementor-widget-text-editor\" data-id=\"77cb0252\" data-element_type=\"widget\" data-widget_type=\"text-editor.default\">\n\t\t\t\t<div class=\"elementor-widget-container\">\n\t\t\t\t\t\t\t<p><strong>Sie suchen einen professionellen Buchhaltungsservice* und wollen Ihre Unterlagen in zuverl\u00e4ssigen H\u00e4nden wissen?<\/strong><\/p>\n<p><strong>Unternehmen, Kleinunternehmer, Existenzgr\u00fcnder, Freiberufler, Privatpersonen und vor allem Einzelunternehmer wie Handwerker haben oft keine Zeit f\u00fcr die Finanzbuchhaltung. Diese muss allerdings erstellt werden um Fristen und Termine einzuhalten. Hierf\u00fcr bieten wir Ihnen folgende Leistungen:<\/strong><\/p>\n<ul>\n<li>elektronisches Buchen von laufenden Gesch\u00e4ftsvorf\u00e4llen*<\/li>\n<li>Sortieren und Ordnen Ihrer Belege<\/li>\n<li>Erstellung betriebswirtschaftlicher Auswertungen<\/li>\n<li>Summern- und Saldenlisten, Offene- Posten Liste usw.<\/li>\n<li>Kontenabstimmung<\/li>\n<li>F\u00fchren des Kassenbuches<\/li>\n<li>Reisekostenabrechnungen<\/li>\n<li>Allgemeine B\u00fcrot\u00e4tigkeiten<\/li>\n<li>Unterst\u00fctzung beim Anmeldeverfahren<\/li>\n<li>Hol- und Bringservice regional<\/li>\n<li>Deutschlandweite T\u00e4tigkeit (Postversand, gescannte Belege etc.)<\/li>\n<\/ul>\n<p>*Im Rahmen unserer T\u00e4tigkeit als selbstst\u00e4ndige Buchhalter, bieten wir ausschlie\u00dflich Hilfeleistungen in Steuersachen gem\u00e4\u00df \u00a7 6 Nr. 4 StBerG wie folgt an: Buchen laufender Gesch\u00e4ftsvorf\u00e4lle und laufender Lohnabrechnungen sowie das Fertigen der Lohnsteueranmeldunge<\/p>\t\t\t\t\t\t<\/div>\n\t\t\t\t<\/div>\n\t\t\t\t\t<\/div>\n\t\t<\/div>\n\t\t\t\t<div class=\"elementor-column elementor-col-33 elementor-inner-column elementor-element elementor-element-b236200\" data-id=\"b236200\" data-element_type=\"column\">\n\t\t\t<div class=\"elementor-widget-wrap elementor-element-populated\">\n\t\t\t\t\t\t\t\t<div class=\"elementor-element elementor-element-30403c41 elementor-widget elementor-widget-image\" data-id=\"30403c41\" data-element_type=\"widget\" data-widget_type=\"image.default\">\n\t\t\t\t<div class=\"elementor-widget-container\">\n\t\t\t\t\t\t\t\t\t\t\t\t\t\t\t<img loading=\"lazy\" decoding=\"async\" width=\"246\" height=\"146\" src=\"https:\/\/dsbuchhaltung.de\/wp-content\/uploads\/2022\/02\/PNG-format-transparent-backgroun-e1644518010535-149x88.png\" class=\"attachment-large size-large\" alt=\"\" srcset=\"https:\/\/dsbuchhaltung.de\/wp-content\/uploads\/2022\/02\/PNG-format-transparent-backgroun-e1644518010535.png 246w, https:\/\/dsbuchhaltung.de\/wp-content\/uploads\/2022\/02\/PNG-format-transparent-backgroun-e1644518010535-149x88.png 149w\" sizes=\"auto, (max-width: 246px) 100vw, 246px\" \/>\t\t\t\t\t\t\t\t\t\t\t\t\t\t\t<\/div>\n\t\t\t\t<\/div>\n\t\t\t\t\t<\/div>\n\t\t<\/div>\n\t\t\t\t\t\t\t<\/div>\n\t\t<\/section>\n\t\t\t\t<section class=\"elementor-section elementor-inner-section elementor-element elementor-element-9ad5b3e elementor-section-boxed elementor-section-height-default elementor-section-height-default\" data-id=\"9ad5b3e\" data-element_type=\"section\">\n\t\t\t\t\t\t<div class=\"elementor-container elementor-column-gap-default\">\n\t\t\t\t\t<div class=\"elementor-column elementor-col-66 elementor-inner-column elementor-element elementor-element-ce875a2\" data-id=\"ce875a2\" data-element_type=\"column\">\n\t\t\t<div class=\"elementor-widget-wrap elementor-element-populated\">\n\t\t\t\t\t\t\t\t<div class=\"elementor-element elementor-element-ce5b553 elementor-widget elementor-widget-heading\" data-id=\"ce5b553\" data-element_type=\"widget\" data-widget_type=\"heading.default\">\n\t\t\t\t<div class=\"elementor-widget-container\">\n\t\t\t<h2 class=\"elementor-heading-title elementor-size-default\">Lohnbuchhaltung*<\/h2>\t\t<\/div>\n\t\t\t\t<\/div>\n\t\t\t\t<div class=\"elementor-element elementor-element-37abe26 elementor-widget elementor-widget-text-editor\" data-id=\"37abe26\" data-element_type=\"widget\" data-widget_type=\"text-editor.default\">\n\t\t\t\t<div class=\"elementor-widget-container\">\n\t\t\t\t\t\t\t<p><b>Im Zusammenhand mit der Finanzbuchhaltung bieten wir Ihnen auch folgende Leistungen an:<\/b><\/p><ul><li><p>Erstellung der lfd. Lohn- und Gehaltsabrechnungen<\/p><\/li><li><p>Erstellung von Lohnsteuerbescheinigungen<\/p><\/li><li><p>Anmeldung an die Sozialversicherungstr\u00e4ger<\/p><\/li><li><p>Lohnsteueranmeldung<\/p><\/li><\/ul><p>*Im Rahmen unserer T\u00e4tigkeit als selbstst\u00e4ndige Buchhalter, bieten wir ausschlie\u00dflich Hilfeleistungen in Steuersachen gem\u00e4\u00df \u00a7 6 Nr. 4 StBerG wie folgt an: Buchen laufender Gesch\u00e4ftsvorf\u00e4lle und laufender Lohnabrechnungen sowie das Fertigen der Lohnsteueranmeldungen<\/p>\t\t\t\t\t\t<\/div>\n\t\t\t\t<\/div>\n\t\t\t\t\t<\/div>\n\t\t<\/div>\n\t\t\t\t<div class=\"elementor-column elementor-col-33 elementor-inner-column elementor-element elementor-element-06b467f\" data-id=\"06b467f\" data-element_type=\"column\">\n\t\t\t<div class=\"elementor-widget-wrap elementor-element-populated\">\n\t\t\t\t\t\t\t\t<div class=\"elementor-element elementor-element-bc71d71 elementor-widget elementor-widget-image\" data-id=\"bc71d71\" data-element_type=\"widget\" data-widget_type=\"image.default\">\n\t\t\t\t<div class=\"elementor-widget-container\">\n\t\t\t\t\t\t\t\t\t\t\t\t\t\t\t<img loading=\"lazy\" decoding=\"async\" width=\"246\" height=\"146\" src=\"https:\/\/dsbuchhaltung.de\/wp-content\/uploads\/2022\/02\/PNG-format-transparent-backgroun-e1644518010535-149x88.png\" class=\"attachment-large size-large\" alt=\"\" srcset=\"https:\/\/dsbuchhaltung.de\/wp-content\/uploads\/2022\/02\/PNG-format-transparent-backgroun-e1644518010535.png 246w, https:\/\/dsbuchhaltung.de\/wp-content\/uploads\/2022\/02\/PNG-format-transparent-backgroun-e1644518010535-149x88.png 149w\" sizes=\"auto, (max-width: 246px) 100vw, 246px\" \/>\t\t\t\t\t\t\t\t\t\t\t\t\t\t\t<\/div>\n\t\t\t\t<\/div>\n\t\t\t\t\t<\/div>\n\t\t<\/div>\n\t\t\t\t\t\t\t<\/div>\n\t\t<\/section>\n\t\t\t\t<section class=\"elementor-section elementor-inner-section elementor-element elementor-element-13dbd15 elementor-section-boxed elementor-section-height-default elementor-section-height-default\" data-id=\"13dbd15\" data-element_type=\"section\">\n\t\t\t\t\t\t<div class=\"elementor-container elementor-column-gap-default\">\n\t\t\t\t\t<div class=\"elementor-column elementor-col-66 elementor-inner-column elementor-element elementor-element-ccac65b\" data-id=\"ccac65b\" data-element_type=\"column\">\n\t\t\t<div class=\"elementor-widget-wrap elementor-element-populated\">\n\t\t\t\t\t\t\t\t<div class=\"elementor-element elementor-element-a7b628f elementor-widget elementor-widget-heading\" data-id=\"a7b628f\" data-element_type=\"widget\" data-widget_type=\"heading.default\">\n\t\t\t\t<div class=\"elementor-widget-container\">\n\t\t\t<h2 class=\"elementor-heading-title elementor-size-default\">Neben- Betriebskostenabrechnungen<\/h2>\t\t<\/div>\n\t\t\t\t<\/div>\n\t\t\t\t<div class=\"elementor-element elementor-element-149ad2f elementor-widget elementor-widget-text-editor\" data-id=\"149ad2f\" data-element_type=\"widget\" data-widget_type=\"text-editor.default\">\n\t\t\t\t<div class=\"elementor-widget-container\">\n\t\t\t\t\t\t\t<p><b>Sie sind Eigent\u00fcmer und ben\u00f6tigen f\u00fcr Ihre Mieter, das Finanzamt oder ein Amt eine professionelle Neben- oder Betriebskostenabrechnung? <\/b><\/p><p><b>Hierf\u00fcr bieten wir Ihnen folgende Leistungen:<\/b><\/p><ul><li><p>Erstellung Neben- Betriebskostenabrechnung<\/p><\/li><li><p>elektronisches Buchen von laufenden Gesch\u00e4ftsvorf\u00e4llen* zur Ermittlung der Kosten und Einnahmen<\/p><\/li><li><p>Sortieren und ordnen Ihrer Belege<\/p><\/li><li><p>Kontenabstimmung<\/p><\/li><li><p>Hol- und Bringservice regional<\/p><\/li><li><p>Deutschlandweite T\u00e4tigkeit (Postversand, gescannte Belege etc.)<\/p><\/li><\/ul>\t\t\t\t\t\t<\/div>\n\t\t\t\t<\/div>\n\t\t\t\t\t<\/div>\n\t\t<\/div>\n\t\t\t\t<div class=\"elementor-column elementor-col-33 elementor-inner-column elementor-element elementor-element-2875873\" data-id=\"2875873\" data-element_type=\"column\">\n\t\t\t<div class=\"elementor-widget-wrap elementor-element-populated\">\n\t\t\t\t\t\t\t\t<div class=\"elementor-element elementor-element-49c318e elementor-widget elementor-widget-image\" data-id=\"49c318e\" data-element_type=\"widget\" data-widget_type=\"image.default\">\n\t\t\t\t<div class=\"elementor-widget-container\">\n\t\t\t\t\t\t\t\t\t\t\t\t\t\t\t<img loading=\"lazy\" decoding=\"async\" width=\"246\" height=\"146\" src=\"https:\/\/dsbuchhaltung.de\/wp-content\/uploads\/2022\/02\/PNG-format-transparent-backgroun-e1644518010535-149x88.png\" class=\"attachment-large size-large\" alt=\"\" srcset=\"https:\/\/dsbuchhaltung.de\/wp-content\/uploads\/2022\/02\/PNG-format-transparent-backgroun-e1644518010535.png 246w, https:\/\/dsbuchhaltung.de\/wp-content\/uploads\/2022\/02\/PNG-format-transparent-backgroun-e1644518010535-149x88.png 149w\" sizes=\"auto, (max-width: 246px) 100vw, 246px\" \/>\t\t\t\t\t\t\t\t\t\t\t\t\t\t\t<\/div>\n\t\t\t\t<\/div>\n\t\t\t\t\t<\/div>\n\t\t<\/div>\n\t\t\t\t\t\t\t<\/div>\n\t\t<\/section>\n\t\t\t\t\t<\/div>\n\t\t<\/div>\n\t\t\t\t\t\t\t<\/div>\n\t\t<\/section>\n\t\t\t\t\t\t<\/div>\n\t\t\t\t\t<\/div>\n\t\t","protected":false},"excerpt":{"rendered":"<p>Das sind meine Leistungen f\u00fcr Sie: Leistungen Finanzbuchhaltung* Sie suchen einen professionellen Buchhaltungsservice* und wollen Ihre Unterlagen in zuverl\u00e4ssigen H\u00e4nden wissen? Unternehmen, Kleinunternehmer, Existenzgr\u00fcnder, Freiberufler, Privatpersonen und vor allem Einzelunternehmer wie Handwerker haben oft keine Zeit f\u00fcr die Finanzbuchhaltung. Diese muss allerdings erstellt werden um Fristen und Termine einzuhalten. Hierf\u00fcr bieten wir Ihnen folgende Leistungen: &hellip;<\/p>\n<p class=\"read-more\"> <a class=\"\" href=\"https:\/\/dsbuchhaltung.de\/?page_id=11\"> <span class=\"screen-reader-text\">Leistungen<\/span> Weiterlesen &raquo;<\/a><\/p>\n","protected":false},"author":1,"featured_media":0,"parent":0,"menu_order":0,"comment_status":"closed","ping_status":"closed","template":"","meta":{"footnotes":""},"class_list":["post-11","page","type-page","status-publish","hentry"],"_links":{"self":[{"href":"https:\/\/dsbuchhaltung.de\/index.php?rest_route=\/wp\/v2\/pages\/11","targetHints":{"allow":["GET"]}}],"collection":[{"href":"https:\/\/dsbuchhaltung.de\/index.php?rest_route=\/wp\/v2\/pages"}],"about":[{"href":"https:\/\/dsbuchhaltung.de\/index.php?rest_route=\/wp\/v2\/types\/page"}],"author":[{"embeddable":true,"href":"https:\/\/dsbuchhaltung.de\/index.php?rest_route=\/wp\/v2\/users\/1"}],"replies":[{"embeddable":true,"href":"https:\/\/dsbuchhaltung.de\/index.php?rest_route=%2Fwp%2Fv2%2Fcomments&post=11"}],"version-history":[{"count":30,"href":"https:\/\/dsbuchhaltung.de\/index.php?rest_route=\/wp\/v2\/pages\/11\/revisions"}],"predecessor-version":[{"id":1523,"href":"https:\/\/dsbuchhaltung.de\/index.php?rest_route=\/wp\/v2\/pages\/11\/revisions\/1523"}],"wp:attachment":[{"href":"https:\/\/dsbuchhaltung.de\/index.php?rest_route=%2Fwp%2Fv2%2Fmedia&parent=11"}],"curies":[{"name":"wp","href":"https:\/\/api.w.org\/{rel}","templated":true}]}}